{"id":2239,"date":"2019-09-11T09:55:56","date_gmt":"2019-09-11T07:55:56","guid":{"rendered":"https:\/\/www.forfin.pl\/2020\/?page_id=2239"},"modified":"2019-09-16T12:58:42","modified_gmt":"2019-09-16T10:58:42","slug":"informacje-dla-uczestnikow","status":"publish","type":"page","link":"https:\/\/www.forfin.pl\/2020\/informacje-dla-uczestnikow\/","title":{"rendered":"Informacje dla uczestnik\u00f3w"},"content":{"rendered":"<div class=\"wpb-content-wrapper\"><p>[vc_row][vc_column][vc_column_text]<\/p>\n<h3>Gdzie i kiedy odbywa si\u0119 Forum Finans\u00f3w i Inwestycji?<\/h3>\n<p>Zapraszamy w dniach 10-11 stycznia 2020 roku na Stadion Narodowy w Warszawie. Czekamy na Was przy wej\u015bciu nr 5, od ulicy Wybrze\u017ce Szczeci\u0144skie.<br \/>\nWi\u0119cej informacji jak dotrze\u0107 na wydarzenie w zak\u0142adce <strong><a href=\"https:\/\/www.forfin.pl\/2020\/jak-dojechac\/\">JAK DOJECHA\u0106<\/a><\/strong><\/p>\n<h3>Czym jest Forum Finans\u00f3w i Inwestycji? Jaki charakter b\u0119dzie mia\u0142o to wydarzenie?<\/h3>\n<p>Forum Finans\u00f3w i Inwestycji to wydarzenie o charakterze targowo-konferencyjnym. W przestrzeni targowej b\u0119dzie mia\u0142o stoiska informacyjne kilkadziesi\u0105t podmiot\u00f3w z bran\u017cy finans\u00f3w, edukacji finansowej i nieruchomo\u015bci. Opr\u00f3cz tego b\u0119d\u0105 do dyspozycji dwie du\u017ce sale wyk\u0142adowe, w kt\u00f3rych odb\u0119dzie si\u0119 \u0142\u0105cznie oko\u0142o 20-25 wyk\u0142ad\u00f3w i debat z zakresu finans\u00f3w osobistych i inwestycji.<\/p>\n<h3>Dla kogo przeznaczone jest Forum Finans\u00f3w i Inwestycji? Kto mo\u017ce wzi\u0105\u0107 w nim udzia\u0142?<\/h3>\n<p>W Forum Finans\u00f3w i Inwestycji mo\u017ce wzi\u0105\u0107 udzia\u0142 ka\u017cdy. Szczeg\u00f3lnie zapraszamy osoby zainteresowane dbaniem o swoje finanse osobiste, swoj\u0105 przysz\u0142\u0105 emerytur\u0105 i tym jak inwestowa\u0107 nadwy\u017cki finansowe.<\/p>\n<h3><strong>Jaka b\u0119dzie tematyka wyk\u0142ad\u00f3w?<\/strong><\/h3>\n<p>Podczas wyk\u0142ad\u00f3w i debat zostan\u0105 poruszone nast\u0119puj\u0105ce tematy:<\/p>\n<ul>\n<li>D\u0142ugoterminowe inwestycje gie\u0142dowe<\/li>\n<li>Oszcz\u0119dzanie na emerytur\u0119 z wykorzystaniem inwestowania dywidendowego<\/li>\n<li>Ca\u0142a prawda o PPK, czyli dlaczego powinni\u015bmy zainteresowa\u0107 si\u0119 naszymi przysz\u0142ymi emeryturami<\/li>\n<li>Podstawy analizy fundamentalnej<\/li>\n<li>Psychologia inwestowania<\/li>\n<li>Inwestycje w nieruchomo\u015bci jako alternatywa do inwestycji gie\u0142dowych<\/li>\n<li>\u201eA mo\u017ce powierzy\u0107 pieni\u0105dze profesjonalistom?\u201d \u2013 ABC inwestowania z wykorzystaniem funduszy inwestycyjnych<\/li>\n<li>\u201eNie wk\u0142adaj wszystkich jajek do jednego koszyka\u201d, czyli o tym jak podzieli\u0107 nasze pieni\u0105dze<\/li>\n<li>Finanse osobiste dla pocz\u0105tkuj\u0105cych i zaawansowanych<\/li>\n<\/ul>\n<h3>Czy musz\u0119 posiada\u0107 zaawansowan\u0105 wiedz\u0119 finansow\u0105, aby w pe\u0142ni skorzysta\u0107 z wyk\u0142ad\u00f3w na Forum Finans\u00f3w i Inwestycji?<\/h3>\n<p>Nie! Wszystkie wyk\u0142ady i panele dyskusyjne, kt\u00f3re b\u0119d\u0105 mia\u0142y miejsce podczas Forum Finans\u00f3w i Inwestycji b\u0119d\u0105 mia\u0142y poziom podstawowy.<\/p>\n<h3><strong>Czy wst\u0119p na Forum Finans\u00f3w i Inwestycji jest p\u0142atny?<\/strong><\/h3>\n<p>Wst\u0119p dla wszystkich jest bezp\u0142atny.<\/p>\n<h3>Co otrzymuj\u0119 rezerwuj\u0105c miejsce (kupuj\u0105c bilet) na Forum Finans\u00f3w i Inwestycji?<\/h3>\n<p>Ka\u017cdy uczestnik mo\u017ce wzi\u0105\u0107 udzia\u0142 w pe\u0142nych dw\u00f3ch dniach wyk\u0142ad\u00f3w oraz debat, jak r\u00f3wnie\u017c uczestniczy\u0107 w targach.[\/vc_column_text][\/vc_column][\/vc_row]<\/p>\n<\/div>","protected":false},"excerpt":{"rendered":"[vc_row][vc_column][vc_column_text] Gdzie i kiedy odbywa si\u0119 Forum Finans\u00f3w i Inwestycji? Zapraszamy w dniach 10-11 stycznia 2020 roku na Stadion Narodowy w Warszawie. Czekamy na Was przy wej\u015bciu nr 5, od [&#8230;]","protected":false},"author":3,"featured_media":0,"parent":0,"menu_order":0,"comment_status":"closed","ping_status":"closed","template":"","meta":{"footnotes":""},"class_list":["post-2239","page","type-page","status-publish","hentry"],"_links":{"self":[{"href":"https:\/\/www.forfin.pl\/2020\/wp-json\/wp\/v2\/pages\/2239","targetHints":{"allow":["GET"]}}],"collection":[{"href":"https:\/\/www.forfin.pl\/2020\/wp-json\/wp\/v2\/pages"}],"about":[{"href":"https:\/\/www.forfin.pl\/2020\/wp-json\/wp\/v2\/types\/page"}],"author":[{"embeddable":true,"href":"https:\/\/www.forfin.pl\/2020\/wp-json\/wp\/v2\/users\/3"}],"replies":[{"embeddable":true,"href":"https:\/\/www.forfin.pl\/2020\/wp-json\/wp\/v2\/comments?post=2239"}],"version-history":[{"count":13,"href":"https:\/\/www.forfin.pl\/2020\/wp-json\/wp\/v2\/pages\/2239\/revisions"}],"predecessor-version":[{"id":2337,"href":"https:\/\/www.forfin.pl\/2020\/wp-json\/wp\/v2\/pages\/2239\/revisions\/2337"}],"wp:attachment":[{"href":"https:\/\/www.forfin.pl\/2020\/wp-json\/wp\/v2\/media?parent=2239"}],"curies":[{"name":"wp","href":"https:\/\/api.w.org\/{rel}","templated":true}]}}