{"id":2243,"date":"2019-09-11T09:57:39","date_gmt":"2019-09-11T07:57:39","guid":{"rendered":"https:\/\/www.forfin.pl\/2020\/?page_id=2243"},"modified":"2020-01-03T12:05:34","modified_gmt":"2020-01-03T11:05:34","slug":"gdzie-przenocowac","status":"publish","type":"page","link":"https:\/\/www.forfin.pl\/2020\/gdzie-przenocowac\/","title":{"rendered":"Gdzie przenocowa\u0107?"},"content":{"rendered":"<div class=\"wpb-content-wrapper\"><p>[vc_row][vc_column][vc_column_text]<img loading=\"lazy\" decoding=\"async\" class=\"alignleft wp-image-2293\" style=\"margin-bottom: 25px;\" src=\"https:\/\/www.forfin.pl\/wp-content\/uploads\/sites\/2\/2019\/09\/Hotel-Varsovia-Apartamenty.jpg\" alt=\"\" width=\"499\" height=\"333\" srcset=\"https:\/\/www.forfin.pl\/2020\/wp-content\/uploads\/sites\/2\/2019\/09\/Hotel-Varsovia-Apartamenty.jpg 1276w, https:\/\/www.forfin.pl\/2020\/wp-content\/uploads\/sites\/2\/2019\/09\/Hotel-Varsovia-Apartamenty-300x200.jpg 300w, https:\/\/www.forfin.pl\/2020\/wp-content\/uploads\/sites\/2\/2019\/09\/Hotel-Varsovia-Apartamenty-768x512.jpg 768w, https:\/\/www.forfin.pl\/2020\/wp-content\/uploads\/sites\/2\/2019\/09\/Hotel-Varsovia-Apartamenty-1024x683.jpg 1024w, https:\/\/www.forfin.pl\/2020\/wp-content\/uploads\/sites\/2\/2019\/09\/Hotel-Varsovia-Apartamenty-440x293.jpg 440w\" sizes=\"auto, (max-width: 499px) 100vw, 499px\" \/><strong>Varsovia Apartamenty Kasprzaka<\/strong> to 311 w pe\u0142ni wyposa\u017conych, klimatyzowanych apartament\u00f3w, kt\u00f3re stanowi\u0105 ofert\u0119 dla Go\u015bci odwiedzaj\u0105cych Warszaw\u0119 zar\u00f3wno w celach biznesowych, jak i turystycznych. W obiekcie znajduj\u0105 si\u0119 4 typy luksusowych apartament\u00f3w, przeznaczonych dla os\u00f3b ceni\u0105cych sobie nowoczesno\u015b\u0107, komfort i funkcjonalne rozplanowanie przestrzeni. W ka\u017cdym apartamencie znajduje si\u0119 aneks kuchenny i cz\u0119\u015b\u0107 jadalna, kt\u00f3ra sprawdzi si\u0119 nie tylko jako wygodne miejsce do spo\u017cywania posi\u0142k\u00f3w, ale te\u017c do pracy.<\/p>\n<p><strong>REZERWACJA mailowa:<\/strong><br \/>\n<a href=\"mailto:a.lacic@varsoviaapartamenty.pl?subject=Forum Finans\u00f3w i Inwestycji\" target=\"_blank\" rel=\"noopener noreferrer\">a.lacic@varsoviaapartamenty.pl<\/a><br \/>\nlub wpisuj\u0105c kod rabatowy w formularzu na stronie: <a href=\"https:\/\/www.varsoviaapartamenty.pl\/\"><strong>www.varsoviaapartamenty.pl\/<\/strong><\/a><\/p>\n<p><strong>ZNI\u017bKA:<\/strong> 15%<\/p>\n<p><strong>KOD RABATOWY:<\/strong><br \/>\nForumFinans\u00f3w<\/p>\n<hr \/>\n<p>[\/vc_column_text][vc_column_text]<img loading=\"lazy\" decoding=\"async\" class=\"alignleft wp-image-2297\" style=\"margin-bottom: 25px;\" src=\"https:\/\/www.forfin.pl\/wp-content\/uploads\/sites\/2\/2019\/09\/Hotel-Novotel.jpg\" alt=\"\" width=\"501\" height=\"383\" srcset=\"https:\/\/www.forfin.pl\/2020\/wp-content\/uploads\/sites\/2\/2019\/09\/Hotel-Novotel.jpg 1200w, https:\/\/www.forfin.pl\/2020\/wp-content\/uploads\/sites\/2\/2019\/09\/Hotel-Novotel-300x230.jpg 300w, https:\/\/www.forfin.pl\/2020\/wp-content\/uploads\/sites\/2\/2019\/09\/Hotel-Novotel-768x588.jpg 768w, https:\/\/www.forfin.pl\/2020\/wp-content\/uploads\/sites\/2\/2019\/09\/Hotel-Novotel-1024x783.jpg 1024w, https:\/\/www.forfin.pl\/2020\/wp-content\/uploads\/sites\/2\/2019\/09\/Hotel-Novotel-440x337.jpg 440w\" sizes=\"auto, (max-width: 501px) 100vw, 501px\" \/><strong>Novotel Warszawa Centrum<\/strong> is located in the heart of Warsaw, just a few steps from the Palace of Culture and Science, business, cultural and tourist attractions, at the intersection of the main streets of Polish Capital &#8211; Marsza\u0142kowska and Jerozolimskie. Modern and functional interior, high quality service and excellent international cuisine will make your every stay truly unique. The hotel offers 742 modern bedrooms with breathtaking city views. The conference centre offers space for up to 600 delegates, with additional recently refurbished purpose built boardrooms.<\/p>\n<p><strong>REZERWACJA mailowa:<\/strong><br \/>\n<a href=\"mailto:H3383-RE5@accor.com\" target=\"_blank\" rel=\"noopener noreferrer\">H3383-RE5@accor.com<\/a><\/p>\n<p><a href=\"https:\/\/www.forfin.pl\/wp-content\/uploads\/sites\/2\/2019\/09\/Hotel-NOVOTEL.docx.pdf\" target=\"_blank\" rel=\"noopener noreferrer\"><strong>PROMOCYJNE STAWKI<\/strong> (pobierz)<\/a><\/p>\n<hr \/>\n<p>[\/vc_column_text][vc_column_text]<img loading=\"lazy\" decoding=\"async\" class=\"alignleft wp-image-2292\" src=\"https:\/\/www.forfin.pl\/wp-content\/uploads\/sites\/2\/2019\/09\/Hotel-SixtySix.jpg\" alt=\"\" width=\"500\" height=\"372\" srcset=\"https:\/\/www.forfin.pl\/2020\/wp-content\/uploads\/sites\/2\/2019\/09\/Hotel-SixtySix.jpg 806w, https:\/\/www.forfin.pl\/2020\/wp-content\/uploads\/sites\/2\/2019\/09\/Hotel-SixtySix-300x223.jpg 300w, https:\/\/www.forfin.pl\/2020\/wp-content\/uploads\/sites\/2\/2019\/09\/Hotel-SixtySix-768x572.jpg 768w, https:\/\/www.forfin.pl\/2020\/wp-content\/uploads\/sites\/2\/2019\/09\/Hotel-SixtySix-440x328.jpg 440w\" sizes=\"auto, (max-width: 500px) 100vw, 500px\" \/><\/p>\n<p><strong>Hotel SixtySix<\/strong> to wyj\u0105tkowe po\u0142\u0105czenie tradycji z nowoczesno\u015bci\u0105, gdzie urok historycznego Traktu Kr\u00f3lewskiego spotyka si\u0119 ze swobodn\u0105 elegancj\u0105 i nieformaln\u0105 atmosfer\u0105 Nowego \u015awiatu. Butikowy hotel zachwyci Ci\u0119 klasycznym stylem odrestaurowanej kamienicy, prze\u0142amanym \u015bwie\u017cym, wyj\u0105tkowym designem. Miejsce dynamiczne, zaskakuj\u0105ce, ci\u0105gle rozwijaj\u0105ce si\u0119 i zmienne \u2013 ka\u017cda z jego twarzy zas\u0142uguje na odkrycie. Hotel oddalony jest tylko 20 minut jazdy samochodem od Lotniska Chopina, 5 minut od Dworca Centralnego.<\/p>\n<p><strong>REZERWACJA na stronie:<\/strong><br \/>\n<a href=\"http:\/\/www.hotelsixtysix.com\/\" target=\"_blank\" rel=\"noopener noreferrer\">www.hotelsixtysix.com<\/a><\/p>\n<p><strong>ZNI\u017bKA:<\/strong> 10%<\/p>\n<p><strong>KOD RABATOWY:<br \/>\n<\/strong>ForumFinans\u00f3w<\/p>\n<p>&nbsp;<\/p>\n<div style=\"display: block;\">\n<hr \/>\n<\/div>\n<p>[\/vc_column_text][vc_column_text]<img loading=\"lazy\" decoding=\"async\" class=\"alignleft wp-image-2294\" src=\"https:\/\/www.forfin.pl\/wp-content\/uploads\/sites\/2\/2019\/09\/Hotel-Logos.jpg\" alt=\"\" width=\"500\" height=\"314\" srcset=\"https:\/\/www.forfin.pl\/2020\/wp-content\/uploads\/sites\/2\/2019\/09\/Hotel-Logos.jpg 600w, https:\/\/www.forfin.pl\/2020\/wp-content\/uploads\/sites\/2\/2019\/09\/Hotel-Logos-300x189.jpg 300w, https:\/\/www.forfin.pl\/2020\/wp-content\/uploads\/sites\/2\/2019\/09\/Hotel-Logos-440x276.jpg 440w\" sizes=\"auto, (max-width: 500px) 100vw, 500px\" \/><\/p>\n<p><strong>Hotel Logos<\/strong> usytuowany jest na lewym brzegu Wis\u0142y w s\u0105siedztwie Starego Miasta. W pobli\u017cu hotelu znajduje si\u0119 Teatr Ateneum 30 m, Centrum Nauki \u201eKopernik\u201di Muzeum Sztuki Wsp\u00f3\u0142czesnej 300 m od hotelu. Muzeum Narodowe i Wojska Polskiego 1000 m. Do stadionu PGE Narodowego mo\u017cna doj\u015b\u0107 w 15 min. W odleg\u0142o\u015bci oko\u0142o 200 m od hotelu znajduje si\u0119 stacja drugiej linii metra \u201eCentrum Nauki Kopernik\u201d.<\/p>\n<p><strong>REZERWACJA mailowa:<\/strong><br \/>\n<a href=\"mailto:rezerwacja@hotellogos.pl\" target=\"_blank\" rel=\"noopener noreferrer\">rezerwacja@hotellogos.pl<\/a><\/p>\n<p><strong>ZNI\u017bKA:<\/strong> 15%<\/p>\n<p><strong>KOD RABATOWY:<br \/>\n<\/strong>Forum Finans\u00f3w i Inwestycji[\/vc_column_text][\/vc_column][\/vc_row]<\/p>\n<\/div>","protected":false},"excerpt":{"rendered":"[vc_row][vc_column][vc_column_text]Varsovia Apartamenty Kasprzaka to 311 w pe\u0142ni wyposa\u017conych, klimatyzowanych apartament\u00f3w, kt\u00f3re stanowi\u0105 ofert\u0119 dla Go\u015bci odwiedzaj\u0105cych Warszaw\u0119 zar\u00f3wno w celach biznesowych, jak i turystycznych. W obiekcie znajduj\u0105 si\u0119 4 typy [&#8230;]","protected":false},"author":3,"featured_media":0,"parent":0,"menu_order":0,"comment_status":"closed","ping_status":"closed","template":"","meta":{"footnotes":""},"class_list":["post-2243","page","type-page","status-publish","hentry"],"_links":{"self":[{"href":"https:\/\/www.forfin.pl\/2020\/wp-json\/wp\/v2\/pages\/2243","targetHints":{"allow":["GET"]}}],"collection":[{"href":"https:\/\/www.forfin.pl\/2020\/wp-json\/wp\/v2\/pages"}],"about":[{"href":"https:\/\/www.forfin.pl\/2020\/wp-json\/wp\/v2\/types\/page"}],"author":[{"embeddable":true,"href":"https:\/\/www.forfin.pl\/2020\/wp-json\/wp\/v2\/users\/3"}],"replies":[{"embeddable":true,"href":"https:\/\/www.forfin.pl\/2020\/wp-json\/wp\/v2\/comments?post=2243"}],"version-history":[{"count":17,"href":"https:\/\/www.forfin.pl\/2020\/wp-json\/wp\/v2\/pages\/2243\/revisions"}],"predecessor-version":[{"id":4978,"href":"https:\/\/www.forfin.pl\/2020\/wp-json\/wp\/v2\/pages\/2243\/revisions\/4978"}],"wp:attachment":[{"href":"https:\/\/www.forfin.pl\/2020\/wp-json\/wp\/v2\/media?parent=2243"}],"curies":[{"name":"wp","href":"https:\/\/api.w.org\/{rel}","templated":true}]}}