{"id":2251,"date":"2019-09-11T10:05:02","date_gmt":"2019-09-11T08:05:02","guid":{"rendered":"https:\/\/www.forfin.pl\/2020\/?page_id=2251"},"modified":"2020-01-08T12:57:49","modified_gmt":"2020-01-08T11:57:49","slug":"plan-stoisk","status":"publish","type":"page","link":"https:\/\/www.forfin.pl\/2020\/plan-stoisk\/","title":{"rendered":"Plan stoisk"},"content":{"rendered":"<div class=\"wpb-content-wrapper\"><p>[vc_row][vc_column][vc_column_text]<a href=\"https:\/\/www.forfin.pl\/wp-content\/uploads\/sites\/2\/2019\/09\/plan_20190904_strona.jpg\" target=\"_blank\" rel=\"noopener noreferrer\"><img loading=\"lazy\" decoding=\"async\" class=\"aligncenter wp-image-2315\" src=\"https:\/\/www.forfin.pl\/wp-content\/uploads\/sites\/2\/2019\/09\/plan_20190904_strona-300x88.jpg\" alt=\"\" width=\"1199\" height=\"353\" srcset=\"https:\/\/www.forfin.pl\/2020\/wp-content\/uploads\/sites\/2\/2019\/09\/plan_20190904_strona-300x88.jpg 300w, https:\/\/www.forfin.pl\/2020\/wp-content\/uploads\/sites\/2\/2019\/09\/plan_20190904_strona-768x226.jpg 768w, https:\/\/www.forfin.pl\/2020\/wp-content\/uploads\/sites\/2\/2019\/09\/plan_20190904_strona-1024x302.jpg 1024w, https:\/\/www.forfin.pl\/2020\/wp-content\/uploads\/sites\/2\/2019\/09\/plan_20190904_strona-440x130.jpg 440w\" sizes=\"auto, (max-width: 1199px) 100vw, 1199px\" \/><\/a>[\/vc_column_text][\/vc_column][\/vc_row][vc_row][vc_column][vc_column_text]<\/p>\n<h2>W\u015br\u00f3d wystawc\u00f3w mi\u0119dzy innymi:<\/h2>\n<ul>\n<li>PKN ORLEN S.A.<\/li>\n<li>KGHM Polska Mied\u017a S.A.<\/li>\n<li>Crowdy.pl<\/li>\n<li>Medinice S.A.<\/li>\n<li>FIDELITY of GEORGETOWN<\/li>\n<li>CMC Markets<\/li>\n<li>Marie Zelie S.A.<\/li>\n<li>Hyper Poland sp. z o.o.<\/li>\n<li>Mennica Polska S.A.<\/li>\n<li>IFIRMA S.A.<\/li>\n<li>Grupa Kapita\u0142owa IMMOBILE S.A.<\/li>\n<li>Art Games Studio S.A.<\/li>\n<li>Gie\u0142da Papier\u00f3w Warto\u015bciowych w Warszawie S.A.<\/li>\n<li>Marvipol Development S.A.<\/li>\n<li>Beta ETF<\/li>\n<li>Dom Maklerski TMS Brokers S.A.<\/li>\n<li>Polski Fundusz Rozwoju<\/li>\n<li>FlyingAtom<\/li>\n<li>PKF Consult<\/li>\n<li>Provema sp. z o.o.<\/li>\n<li>CitiGold Bank Handlowy S.A.<\/li>\n<li>Wydawnictwo Linia<\/li>\n<li>Dom Maklerski Noble Securities S.A.<\/li>\n<li>Bankier.pl<\/li>\n<li>Murapol S.A.<\/li>\n<li>PKO Bank Polski Biuro Maklerskie<\/li>\n<li>Dom Maklerski BO\u015a S.A.<\/li>\n<li>Beesfund S.A.<\/li>\n<li>Chojnacki &amp; Kwiecie\u0144 Sp. z o.o.<\/li>\n<li>Wydawnictwo maklerska.pl<\/li>\n<li>Q Value S.A.<\/li>\n<li>Squaber<\/li>\n<li>Investio sp. z o.o.<\/li>\n<li>TradingView<\/li>\n<li>Unicredit Bank AG<\/li>\n<li>Rzeczpospolita<\/li>\n<li>Comparic.pl<\/li>\n<li>Gazeta Gie\u0142dy i Inwestor\u00f3w \u201eParkiet\u201d<\/li>\n<li>CFA Society Poland<\/li>\n<li>Izba Zarz\u0105dzaj\u0105cych Funduszami i Aktywami<\/li>\n<li>Fundacja na rzecz Standard\u00f3w Doradztwa Finansowego<\/li>\n<li>Polskie Stowarzyszenie Bitcoin<\/li>\n<li>Stowarzyszenie Mieszkanicznik<\/li>\n<li>Polska Federacja Nieruchomo\u015bci<\/li>\n<li>Bitcoin.pl<\/li>\n<li>Cyfrowa Ekonomia<\/li>\n<li>Fibonacci Team School<\/li>\n<li>FXMAG sp. z o.o.<\/li>\n<li>I Love Crypto<\/li>\n<li>JPK Traders<\/li>\n<\/ul>\n<p>[\/vc_column_text][\/vc_column][\/vc_row]<\/p>\n<\/div>","protected":false},"excerpt":{"rendered":"[vc_row][vc_column][vc_column_text][\/vc_column_text][\/vc_column][\/vc_row][vc_row][vc_column][vc_column_text] W\u015br\u00f3d wystawc\u00f3w mi\u0119dzy innymi: PKN ORLEN S.A. KGHM Polska Mied\u017a S.A. Crowdy.pl Medinice S.A. FIDELITY of GEORGETOWN CMC Markets Marie Zelie S.A. Hyper Poland sp. z o.o. Mennica Polska [&#8230;]","protected":false},"author":3,"featured_media":0,"parent":0,"menu_order":0,"comment_status":"closed","ping_status":"closed","template":"","meta":{"footnotes":""},"class_list":["post-2251","page","type-page","status-publish","hentry"],"_links":{"self":[{"href":"https:\/\/www.forfin.pl\/2020\/wp-json\/wp\/v2\/pages\/2251","targetHints":{"allow":["GET"]}}],"collection":[{"href":"https:\/\/www.forfin.pl\/2020\/wp-json\/wp\/v2\/pages"}],"about":[{"href":"https:\/\/www.forfin.pl\/2020\/wp-json\/wp\/v2\/types\/page"}],"author":[{"embeddable":true,"href":"https:\/\/www.forfin.pl\/2020\/wp-json\/wp\/v2\/users\/3"}],"replies":[{"embeddable":true,"href":"https:\/\/www.forfin.pl\/2020\/wp-json\/wp\/v2\/comments?post=2251"}],"version-history":[{"count":13,"href":"https:\/\/www.forfin.pl\/2020\/wp-json\/wp\/v2\/pages\/2251\/revisions"}],"predecessor-version":[{"id":5102,"href":"https:\/\/www.forfin.pl\/2020\/wp-json\/wp\/v2\/pages\/2251\/revisions\/5102"}],"wp:attachment":[{"href":"https:\/\/www.forfin.pl\/2020\/wp-json\/wp\/v2\/media?parent=2251"}],"curies":[{"name":"wp","href":"https:\/\/api.w.org\/{rel}","templated":true}]}}