{"id":501,"date":"2017-07-17T05:59:31","date_gmt":"2017-07-17T05:59:31","guid":{"rendered":"http:\/\/victorthemes.com\/themes\/livesay\/?page_id=501"},"modified":"2019-10-23T10:01:51","modified_gmt":"2019-10-23T08:01:51","slug":"o-forum","status":"publish","type":"page","link":"https:\/\/www.forfin.pl\/2020\/o-forum\/","title":{"rendered":"O Forum"},"content":{"rendered":"<div class=\"wpb-content-wrapper\"><p>[vc_row overlay_dotted=&#8221;&#8221;][vc_column]<div class=\"section-title-wrap  lvsy-section-title-69ea6f938d90e vc_custom_1568382757077\"><div class=\"section-title\">Forum Finans\u00f3w i Inwestycji<\/div><div class=\"section-sub-title\">Najwi\u0119ksza warszawska impreza finansowo-inwestycyjna<\/div> <\/div>[vc_column_text]Forum Finans\u00f3w i Inwestycji to otwarte i bezp\u0142atne wydarzenie zar\u00f3wno dla os\u00f3b my\u015bl\u0105cych o zainwestowaniu swoich pierwszych oszcz\u0119dno\u015bci, jak r\u00f3wnie\u017c dla do\u015bwiadczonych i aktywnych inwestor\u00f3w.<\/p>\n<p>W ci\u0105gu dw\u00f3ch dni uczestnicy b\u0119d\u0105 mieli mo\u017cliwo\u015b\u0107 przeprowadzenia spotka\u0144 i bezpo\u015brednich rozm\u00f3w z przedstawicielami kilkudziesi\u0119ciu firm oferuj\u0105cych zar\u00f3wno dost\u0119p do licznych form oszcz\u0119dzania, jak i oferuj\u0105cych r\u00f3\u017cnego rodzaju produkty inwestycyjne. W\u015br\u00f3d wystawc\u00f3w b\u0119d\u0105 m.in. deweloperzy, domy maklerskie, firmy oferuj\u0105ce inwestycje w nieruchomo\u015bci w systemie Condo, banki, sp\u00f3\u0142ki gie\u0142dowe, fundusze inwestycyjne, platformy Forex, start\u2019upy i inne podmioty oferuj\u0105ce alternatywne formy inwestowania.<\/p>\n<p>R\u00f3wnolegle podczas Forum odbywa\u0107 si\u0119 b\u0119d\u0105 otwarte dla wszystkich i bezp\u0142atnie wyk\u0142ady oraz panele dyskusyjne. W\u015br\u00f3d prelegent\u00f3w znajd\u0105 si\u0119 topowi przedstawiciele i eksperci poszczeg\u00f3lnych segment\u00f3w rynku. Jednocze\u015bnie wachlarz poruszonych temat\u00f3w b\u0119dzie bardzo szeroki, tak aby ka\u017cdy m\u00f3g\u0142 znale\u017a\u0107 co\u015b dla siebie. Uczestnicy b\u0119d\u0105 mogli dowiedzie\u0107 si\u0119 mi\u0119dzy innymi:<\/p>\n<ul>\n<li>jak rozpocz\u0105\u0107 przygod\u0119 z rynkiem akcji oraz obligacji,<\/li>\n<li>jak\u0105 przysz\u0142o\u015b\u0107 ma przed sob\u0105 polski rynek nieruchomo\u015bci,<\/li>\n<li>czy warto dzi\u015b inwestowa\u0107 w mieszkania na wynajem,<\/li>\n<li>dlaczego ju\u017c dzi\u015b warto my\u015ble\u0107 o przysz\u0142ej emeryturze,<\/li>\n<li>czy oszcz\u0119dzanie dywidendowe mo\u017ce by\u0107 alternatyw\u0105 dla lokat,<\/li>\n<li>na co uwa\u017ca\u0107 zaci\u0105gaj\u0105c kredyt w banku,<\/li>\n<li>co dla frankowicz\u00f3w oznacza wyrok TSUE,<\/li>\n<li>na co uwa\u017ca\u0107 i czym si\u0119 kierowa\u0107 przy wyborze funduszy inwestycyjnych,<\/li>\n<li>czym jest bitcoin i czy nale\u017cy si\u0119 go ba\u0107,<\/li>\n<li>Czy inwestycje w systemie condo s\u0105 bezpieczne<\/li>\n<li>i wiele innych&#8230;<\/li>\n<\/ul>\n<h2>Forum Finans\u00f3w i Inwestycji to:<\/h2>\n<ul>\n<li><strong>Targi Twoje Inwestycje<\/strong> \u2013 daj\u0105ce mo\u017cliwo\u015b\u0107 bezpo\u015bredniego spotkania i rozmowy z przedstawicielami kilkudziesi\u0119ciu firm z bran\u017cy finans\u00f3w, nieruchomo\u015bci, czy te\u017c oferuj\u0105cych alternatywne mo\u017cliwo\u015bci inwestowania \u015brodk\u00f3w. Podczas targ\u00f3w ka\u017cdy uczestnik b\u0119dzie m\u00f3g\u0142 porozmawia\u0107 z reprezentantami tych podmiot\u00f3w oraz specjalistami z okre\u015blonej bran\u017cy, kt\u00f3rzy dok\u0142adnie i w przyst\u0119pny spos\u00f3b wyja\u015bni\u0105 wszelkie problemy zwi\u0105zane z danym rynkiem, czy te\u017c produktem, a ponadto udziel\u0105 uczestnikom konferencji porad merytorycznych.<\/li>\n<\/ul>\n<table width=\"100%\">\n<tbody>\n<tr>\n<td style=\"padding: 2%;\" width=\"33%\"><img loading=\"lazy\" decoding=\"async\" class=\"alignnone wp-image-2618 size-large\" src=\"https:\/\/www.forfin.pl\/wp-content\/uploads\/sites\/2\/2019\/10\/fot_2-1024x683.jpg\" alt=\"\" width=\"1024\" height=\"683\" srcset=\"https:\/\/www.forfin.pl\/2020\/wp-content\/uploads\/sites\/2\/2019\/10\/fot_2-1024x683.jpg 1024w, https:\/\/www.forfin.pl\/2020\/wp-content\/uploads\/sites\/2\/2019\/10\/fot_2-300x200.jpg 300w, https:\/\/www.forfin.pl\/2020\/wp-content\/uploads\/sites\/2\/2019\/10\/fot_2-768x512.jpg 768w, https:\/\/www.forfin.pl\/2020\/wp-content\/uploads\/sites\/2\/2019\/10\/fot_2-440x293.jpg 440w, https:\/\/www.forfin.pl\/2020\/wp-content\/uploads\/sites\/2\/2019\/10\/fot_2.jpg 1200w\" sizes=\"auto, (max-width: 1024px) 100vw, 1024px\" \/><\/td>\n<td style=\"padding: 2%;\" width=\"33%\"><img loading=\"lazy\" decoding=\"async\" class=\"alignnone wp-image-2620 size-large\" src=\"https:\/\/www.forfin.pl\/wp-content\/uploads\/sites\/2\/2019\/10\/fot_1-1024x683.jpg\" alt=\"\" width=\"1024\" height=\"683\" srcset=\"https:\/\/www.forfin.pl\/2020\/wp-content\/uploads\/sites\/2\/2019\/10\/fot_1-1024x683.jpg 1024w, https:\/\/www.forfin.pl\/2020\/wp-content\/uploads\/sites\/2\/2019\/10\/fot_1-300x200.jpg 300w, https:\/\/www.forfin.pl\/2020\/wp-content\/uploads\/sites\/2\/2019\/10\/fot_1-768x512.jpg 768w, https:\/\/www.forfin.pl\/2020\/wp-content\/uploads\/sites\/2\/2019\/10\/fot_1-440x293.jpg 440w, https:\/\/www.forfin.pl\/2020\/wp-content\/uploads\/sites\/2\/2019\/10\/fot_1.jpg 1200w\" sizes=\"auto, (max-width: 1024px) 100vw, 1024px\" \/><\/td>\n<td style=\"padding: 2%;\" width=\"33%\"><img loading=\"lazy\" decoding=\"async\" class=\"alignnone wp-image-2619 size-large\" src=\"https:\/\/www.forfin.pl\/wp-content\/uploads\/sites\/2\/2019\/10\/fot_3-1024x683.jpg\" alt=\"\" width=\"1024\" height=\"683\" srcset=\"https:\/\/www.forfin.pl\/2020\/wp-content\/uploads\/sites\/2\/2019\/10\/fot_3-1024x683.jpg 1024w, https:\/\/www.forfin.pl\/2020\/wp-content\/uploads\/sites\/2\/2019\/10\/fot_3-300x200.jpg 300w, https:\/\/www.forfin.pl\/2020\/wp-content\/uploads\/sites\/2\/2019\/10\/fot_3-768x512.jpg 768w, https:\/\/www.forfin.pl\/2020\/wp-content\/uploads\/sites\/2\/2019\/10\/fot_3-440x293.jpg 440w, https:\/\/www.forfin.pl\/2020\/wp-content\/uploads\/sites\/2\/2019\/10\/fot_3.jpg 1200w\" sizes=\"auto, (max-width: 1024px) 100vw, 1024px\" \/><\/td>\n<\/tr>\n<\/tbody>\n<\/table>\n<ul>\n<li><strong>Wyk\u0142ady<\/strong> \u2013 o podstawowym oraz \u015brednim poziomie zaawansowania. Najlepsi eksperci w Polsce podczas swoich wyst\u0105pie\u0144 wyja\u015bni\u0105 i podpowiedz\u0105 w jaki spos\u00f3b podejmowa\u0107 decyzje inwestycyjne, aby unika\u0107 pu\u0142apek, wska\u017c\u0105 jak \u015bwiadomie oszcz\u0119dza\u0107, czy te\u017c wyja\u015bni\u0105 w jaki spos\u00f3b inwestowa\u0107 przy obecnych warunkach rynkowych, aby osi\u0105gn\u0105\u0107 korzystn\u0105 stop\u0119 zwrotu z ulokowanych oszcz\u0119dno\u015bci. Specjali\u015bci podczas swoich wyst\u0105pie\u0144 om\u00f3wi\u0105 r\u00f3wnie\u017c kluczowe zagadnienia zwi\u0105zane z inwestowaniem oszcz\u0119dno\u015bci na rynku gie\u0142dowym, na lokatach bankowych, w jednostki TFI, na rynku nieruchomo\u015bci, czy te\u017c opowiedz\u0105 na temat innych form lokowania kapita\u0142u na rynkach alternatywnych.<\/li>\n<\/ul>\n<table width=\"100%\">\n<tbody>\n<tr>\n<td style=\"padding: 2%;\" width=\"33%\"><img loading=\"lazy\" decoding=\"async\" class=\"alignnone wp-image-2621 size-large\" src=\"https:\/\/www.forfin.pl\/wp-content\/uploads\/sites\/2\/2019\/10\/fot_4-1024x683.jpg\" alt=\"\" width=\"1024\" height=\"683\" srcset=\"https:\/\/www.forfin.pl\/2020\/wp-content\/uploads\/sites\/2\/2019\/10\/fot_4-1024x683.jpg 1024w, https:\/\/www.forfin.pl\/2020\/wp-content\/uploads\/sites\/2\/2019\/10\/fot_4-300x200.jpg 300w, https:\/\/www.forfin.pl\/2020\/wp-content\/uploads\/sites\/2\/2019\/10\/fot_4-768x512.jpg 768w, https:\/\/www.forfin.pl\/2020\/wp-content\/uploads\/sites\/2\/2019\/10\/fot_4-440x293.jpg 440w, https:\/\/www.forfin.pl\/2020\/wp-content\/uploads\/sites\/2\/2019\/10\/fot_4.jpg 1200w\" sizes=\"auto, (max-width: 1024px) 100vw, 1024px\" \/><\/td>\n<td style=\"padding: 2%;\" width=\"33%\"><img loading=\"lazy\" decoding=\"async\" class=\"alignnone wp-image-2622 size-large\" src=\"https:\/\/www.forfin.pl\/wp-content\/uploads\/sites\/2\/2019\/10\/fot_5-1024x683.jpg\" alt=\"\" width=\"1024\" height=\"683\" srcset=\"https:\/\/www.forfin.pl\/2020\/wp-content\/uploads\/sites\/2\/2019\/10\/fot_5-1024x683.jpg 1024w, https:\/\/www.forfin.pl\/2020\/wp-content\/uploads\/sites\/2\/2019\/10\/fot_5-300x200.jpg 300w, https:\/\/www.forfin.pl\/2020\/wp-content\/uploads\/sites\/2\/2019\/10\/fot_5-768x512.jpg 768w, https:\/\/www.forfin.pl\/2020\/wp-content\/uploads\/sites\/2\/2019\/10\/fot_5-440x293.jpg 440w, https:\/\/www.forfin.pl\/2020\/wp-content\/uploads\/sites\/2\/2019\/10\/fot_5.jpg 1200w\" sizes=\"auto, (max-width: 1024px) 100vw, 1024px\" \/><\/td>\n<td style=\"padding: 2%;\" width=\"33%\"><img loading=\"lazy\" decoding=\"async\" class=\"alignnone wp-image-2621 size-large\" src=\"https:\/\/www.forfin.pl\/wp-content\/uploads\/sites\/2\/2019\/10\/fot_4-1024x683.jpg\" alt=\"\" width=\"1024\" height=\"683\" srcset=\"https:\/\/www.forfin.pl\/2020\/wp-content\/uploads\/sites\/2\/2019\/10\/fot_4-1024x683.jpg 1024w, https:\/\/www.forfin.pl\/2020\/wp-content\/uploads\/sites\/2\/2019\/10\/fot_4-300x200.jpg 300w, https:\/\/www.forfin.pl\/2020\/wp-content\/uploads\/sites\/2\/2019\/10\/fot_4-768x512.jpg 768w, https:\/\/www.forfin.pl\/2020\/wp-content\/uploads\/sites\/2\/2019\/10\/fot_4-440x293.jpg 440w, https:\/\/www.forfin.pl\/2020\/wp-content\/uploads\/sites\/2\/2019\/10\/fot_4.jpg 1200w\" sizes=\"auto, (max-width: 1024px) 100vw, 1024px\" \/><\/td>\n<\/tr>\n<\/tbody>\n<\/table>\n<ul>\n<li><strong>Panele dyskusyjne<\/strong> \u2013 podczas Forum odb\u0119dzie si\u0119 wiele debat i rozm\u00f3w na wa\u017cne tematy finansowe i gospodarcze. Eksperci rynkowi prze\u015bwietl\u0105 poszczeg\u00f3lne rynki w poszukiwaniu najlepszych mo\u017cliwo\u015bci inwestowania w 2020 r., a do tego nie zabraknie r\u00f3wnie\u017c rozm\u00f3w o rozgrzanym w ostatnich latach rynku nieruchomo\u015bci, czy tak\u017ce najg\u0142o\u015bniejszej krypto walucie ostatnich lat, a wi\u0119c bitcoinie.<\/li>\n<\/ul>\n<table width=\"100%\">\n<tbody>\n<tr>\n<td style=\"padding: 2%;\" width=\"33%\"><img loading=\"lazy\" decoding=\"async\" class=\"alignnone wp-image-2625 size-large\" src=\"https:\/\/www.forfin.pl\/wp-content\/uploads\/sites\/2\/2019\/10\/fot_9-1024x683.jpg\" alt=\"\" width=\"1024\" height=\"683\" srcset=\"https:\/\/www.forfin.pl\/2020\/wp-content\/uploads\/sites\/2\/2019\/10\/fot_9-1024x683.jpg 1024w, https:\/\/www.forfin.pl\/2020\/wp-content\/uploads\/sites\/2\/2019\/10\/fot_9-300x200.jpg 300w, https:\/\/www.forfin.pl\/2020\/wp-content\/uploads\/sites\/2\/2019\/10\/fot_9-768x512.jpg 768w, https:\/\/www.forfin.pl\/2020\/wp-content\/uploads\/sites\/2\/2019\/10\/fot_9-440x293.jpg 440w, https:\/\/www.forfin.pl\/2020\/wp-content\/uploads\/sites\/2\/2019\/10\/fot_9.jpg 1200w\" sizes=\"auto, (max-width: 1024px) 100vw, 1024px\" \/><\/td>\n<td style=\"padding: 2%;\" width=\"33%\"><img loading=\"lazy\" decoding=\"async\" class=\"alignnone size-large wp-image-2626\" src=\"https:\/\/www.forfin.pl\/wp-content\/uploads\/sites\/2\/2019\/10\/fot_7-1024x683.jpg\" alt=\"\" width=\"1024\" height=\"683\" srcset=\"https:\/\/www.forfin.pl\/2020\/wp-content\/uploads\/sites\/2\/2019\/10\/fot_7-1024x683.jpg 1024w, https:\/\/www.forfin.pl\/2020\/wp-content\/uploads\/sites\/2\/2019\/10\/fot_7-300x200.jpg 300w, https:\/\/www.forfin.pl\/2020\/wp-content\/uploads\/sites\/2\/2019\/10\/fot_7-768x512.jpg 768w, https:\/\/www.forfin.pl\/2020\/wp-content\/uploads\/sites\/2\/2019\/10\/fot_7-440x293.jpg 440w, https:\/\/www.forfin.pl\/2020\/wp-content\/uploads\/sites\/2\/2019\/10\/fot_7.jpg 1200w\" sizes=\"auto, (max-width: 1024px) 100vw, 1024px\" \/><\/td>\n<td style=\"padding: 2%;\" width=\"33%\"><img loading=\"lazy\" decoding=\"async\" class=\"alignnone size-large wp-image-2624\" src=\"https:\/\/www.forfin.pl\/wp-content\/uploads\/sites\/2\/2019\/10\/fot_8-1024x683.jpg\" alt=\"\" width=\"1024\" height=\"683\" srcset=\"https:\/\/www.forfin.pl\/2020\/wp-content\/uploads\/sites\/2\/2019\/10\/fot_8-1024x683.jpg 1024w, https:\/\/www.forfin.pl\/2020\/wp-content\/uploads\/sites\/2\/2019\/10\/fot_8-300x200.jpg 300w, https:\/\/www.forfin.pl\/2020\/wp-content\/uploads\/sites\/2\/2019\/10\/fot_8-768x512.jpg 768w, https:\/\/www.forfin.pl\/2020\/wp-content\/uploads\/sites\/2\/2019\/10\/fot_8-440x293.jpg 440w, https:\/\/www.forfin.pl\/2020\/wp-content\/uploads\/sites\/2\/2019\/10\/fot_8.jpg 1200w\" sizes=\"auto, (max-width: 1024px) 100vw, 1024px\" \/><\/td>\n<\/tr>\n<\/tbody>\n<\/table>\n<p>Spotkaj innych uczestnik\u00f3w poszczeg\u00f3lnych rynk\u00f3w, wymie\u0144 si\u0119 opiniami, zdob\u0105d\u017a wiedz\u0119 i nowe relacje. Nie zwlekaj wi\u0119c i ju\u017c dzisiaj zarezerwuj sw\u00f3j udzia\u0142 w pierwszej edycji Forum Finans\u00f3w i Inwestycji na dedykowanej stronie wydarzenia!<\/p>\n<p><a href=\"https:\/\/www.forfin.pl\/wp-content\/uploads\/sites\/2\/2019\/10\/Regulamin-Forum-Finansow-i-Inwestycji-2020.pdf\" target=\"_blank\" rel=\"noopener noreferrer\">Regulamin Forum Finans\u00f3w i Inwestycji<\/a><\/p>\n<p><a href=\"https:\/\/www.forfin.pl\/wp-content\/uploads\/sites\/2\/2019\/10\/REGULAMIN_PGE_NARODOWEGO.pdf\" target=\"_blank\" rel=\"noopener noreferrer\">Regulamin PGE Narodowego<\/a><\/p>\n<p><a href=\"https:\/\/www.forfin.pl\/wp-content\/uploads\/sites\/2\/2019\/10\/Za\u0142-2-OWU-PL-ENG-ver-2019_05_20.pdf\" target=\"_blank\" rel=\"noopener noreferrer\">Og\u00f3lne Warunki \u015awiadczenia Us\u0142ug Organizacji Imprez na PGE Narodowym<\/a><\/p>\n<p><a href=\"https:\/\/www.forfin.pl\/wp-content\/uploads\/sites\/2\/2019\/10\/IBP-PGE-Narodowy-2018.pdf\" target=\"_blank\" rel=\"noopener noreferrer\">Instrukcja Bezpiecze\u0144stwa Po\u017carowego opracowana dla obiektu PGE Narodowy<\/a>[\/vc_column_text][vc_separator]<div class=\"section-title-wrap  lvsy-section-title-69ea6f938d932\"><div class=\"section-title\">Stowarzyszenie Inwestor\u00f3w Indywidualnych<\/div><div class=\"section-sub-title\">Organizator wydarzenia<\/div> <\/div>[vc_single_image image=&#8221;2186&#8243; img_size=&#8221;medium&#8221; alignment=&#8221;center&#8221; onclick=&#8221;custom_link&#8221; img_link_target=&#8221;_blank&#8221; link=&#8221;http:\/\/www.sii.org.pl&#8221;][vc_column_text]<\/p>\n<h3>Stowarzyszenie Inwestor\u00f3w Indywidualnych (SII) jest najwi\u0119ksz\u0105 organizacj\u0105 zrzeszaj\u0105c\u0105 inwestor\u00f3w w Polsce, kt\u00f3ra dzia\u0142a od 1999 roku. Nale\u017cy do europejskich organizacji inwestorskich Euroshareholders i Euroinvestors oraz \u015awiatowej Federacji Inwestor\u00f3w WFIC. Stowarzyszenie zrzesza obecnie ponad 14 000 cz\u0142onk\u00f3w.<\/h3>\n<p>Dzia\u0142alno\u015b\u0107 SII koncentruje si\u0119 na wszechstronnym wsparciu inwestor\u00f3w i opiera si\u0119 na trzech g\u0142\u00f3wnych filarach:<\/p>\n<p><strong>Edukacja i\u00a0analizy<\/strong>: konferencje i szkolenia (w tym mi\u0119dzy innymi znan\u0105 w ca\u0142ej Europie konferencj\u0119 WallStreet), wydawnictwa (np. dwumiesi\u0119cznik Akcjonariusz), analizy gie\u0142dowe (m.in. Fundamentalny i Techniczny Portfele SII, ATrakcyjne Sp\u00f3\u0142ki, Raporty IPO, Indeks Nastroj\u00f3w Inwestor\u00f3w);<\/p>\n<p><strong>Ochrona praw<\/strong>: ochrona praw inwestor\u00f3w, bie\u017c\u0105ce interwencje, wsparcie prawne, uczestnictwo w\u00a0walnych zgromadzeniach sp\u00f3\u0142ek publicznych, dzia\u0142alno\u015b\u0107 opiniotw\u00f3rcza i\u00a0wp\u0142ywanie na proces ustawodawczy;<\/p>\n<p><strong>Zni\u017cki<\/strong>: oferowane przez partner\u00f3w Stowarzyszenia cz\u0142onkom SII (na:\u00a0prowizje gie\u0142dowe, wydawnictwa, szkolenia itp.).[\/vc_column_text][\/vc_column][vc_column][vc_gallery type=&#8221;flexslider_slide&#8221; interval=&#8221;5&#8243; images=&#8221;2144,2145,2146,2147,2148,2149,2150,2151,2152,2153,2154,2155&#8243; img_size=&#8221;full&#8221; css=&#8221;.vc_custom_1568020536043{margin-bottom: 0px !important;border-bottom-width: 0px !important;}&#8221;][vc_column_text css=&#8221;.vc_custom_1568020337562{margin-top: 0px !important;border-top-width: 0px !important;padding-top: 0px !important;}&#8221;]<\/p>\n<p style=\"text-align: right;\"><span style=\"font-size: 9px;\">Zdj\u0119cia z innych wydarze\u0144 zorganizowanych przez Stowarzyszenie Inwestor\u00f3w Indywidualnych<\/span><\/p>\n<p>[\/vc_column_text][\/vc_column][\/vc_row][vc_row][vc_column][\/vc_column][\/vc_row]<\/p>\n<\/div>","protected":false},"excerpt":{"rendered":"[vc_row overlay_dotted=&#8221;&#8221;][vc_column][vc_column_text]Forum Finans\u00f3w i Inwestycji to otwarte i bezp\u0142atne wydarzenie zar\u00f3wno dla os\u00f3b my\u015bl\u0105cych o zainwestowaniu swoich pierwszych oszcz\u0119dno\u015bci, jak r\u00f3wnie\u017c dla do\u015bwiadczonych i aktywnych inwestor\u00f3w. W ci\u0105gu dw\u00f3ch dni [&#8230;]","protected":false},"author":1,"featured_media":0,"parent":0,"menu_order":0,"comment_status":"closed","ping_status":"closed","template":"","meta":{"footnotes":""},"class_list":["post-501","page","type-page","status-publish","hentry"],"_links":{"self":[{"href":"https:\/\/www.forfin.pl\/2020\/wp-json\/wp\/v2\/pages\/501","targetHints":{"allow":["GET"]}}],"collection":[{"href":"https:\/\/www.forfin.pl\/2020\/wp-json\/wp\/v2\/pages"}],"about":[{"href":"https:\/\/www.forfin.pl\/2020\/wp-json\/wp\/v2\/types\/page"}],"author":[{"embeddable":true,"href":"https:\/\/www.forfin.pl\/2020\/wp-json\/wp\/v2\/users\/1"}],"replies":[{"embeddable":true,"href":"https:\/\/www.forfin.pl\/2020\/wp-json\/wp\/v2\/comments?post=501"}],"version-history":[{"count":25,"href":"https:\/\/www.forfin.pl\/2020\/wp-json\/wp\/v2\/pages\/501\/revisions"}],"predecessor-version":[{"id":2627,"href":"https:\/\/www.forfin.pl\/2020\/wp-json\/wp\/v2\/pages\/501\/revisions\/2627"}],"wp:attachment":[{"href":"https:\/\/www.forfin.pl\/2020\/wp-json\/wp\/v2\/media?parent=501"}],"curies":[{"name":"wp","href":"https:\/\/api.w.org\/{rel}","templated":true}]}}