{"id":402,"date":"2024-08-06T14:25:50","date_gmt":"2024-08-06T12:25:50","guid":{"rendered":"https:\/\/www.forfin.pl\/?page_id=402"},"modified":"2025-03-24T11:08:33","modified_gmt":"2025-03-24T11:08:33","slug":"wykladowcy","status":"publish","type":"page","link":"https:\/\/www.forfin.pl\/2024\/wykladowcy\/","title":{"rendered":"Wyk\u0142adowcy"},"content":{"rendered":"","protected":false},"excerpt":{"rendered":"<p>ForFin 2024 \u2013 wydarzenie dla ka\u017cdego kto my\u015bli o swojej finansowej przysz\u0142o\u015bci.<br \/>\n29-30 listopada 2024 r.<br \/>\nPGE Narodowy, Warszawa<\/p>\n","protected":false},"author":3,"featured_media":396,"parent":0,"menu_order":0,"comment_status":"closed","ping_status":"closed","template":"","meta":{"inline_featured_image":false,"footnotes":""},"class_list":["post-402","page","type-page","status-publish","has-post-thumbnail","hentry"],"_links":{"self":[{"href":"https:\/\/www.forfin.pl\/2024\/wp-json\/wp\/v2\/pages\/402","targetHints":{"allow":["GET"]}}],"collection":[{"href":"https:\/\/www.forfin.pl\/2024\/wp-json\/wp\/v2\/pages"}],"about":[{"href":"https:\/\/www.forfin.pl\/2024\/wp-json\/wp\/v2\/types\/page"}],"author":[{"embeddable":true,"href":"https:\/\/www.forfin.pl\/2024\/wp-json\/wp\/v2\/users\/3"}],"replies":[{"embeddable":true,"href":"https:\/\/www.forfin.pl\/2024\/wp-json\/wp\/v2\/comments?post=402"}],"version-history":[{"count":3,"href":"https:\/\/www.forfin.pl\/2024\/wp-json\/wp\/v2\/pages\/402\/revisions"}],"predecessor-version":[{"id":509,"href":"https:\/\/www.forfin.pl\/2024\/wp-json\/wp\/v2\/pages\/402\/revisions\/509"}],"wp:featuredmedia":[{"embeddable":true,"href":"https:\/\/www.forfin.pl\/2024\/wp-json\/wp\/v2\/media\/396"}],"wp:attachment":[{"href":"https:\/\/www.forfin.pl\/2024\/wp-json\/wp\/v2\/media?parent=402"}],"curies":[{"name":"wp","href":"https:\/\/api.w.org\/{rel}","templated":true}]}}