{"id":479,"date":"2024-08-20T11:08:24","date_gmt":"2024-08-20T09:08:24","guid":{"rendered":"https:\/\/www.forfin.pl\/?page_id=479"},"modified":"2024-11-04T09:30:58","modified_gmt":"2024-11-04T09:30:58","slug":"o-forfin-2024","status":"publish","type":"page","link":"https:\/\/www.forfin.pl\/2024\/o-forfin-2024\/","title":{"rendered":"O ForFin 2024"},"content":{"rendered":"","protected":false},"excerpt":{"rendered":"<p>ForFin 2024 \u2013 wydarzenie dla ka\u017cdego kto my\u015bli o swojej finansowej przysz\u0142o\u015bci.<br \/>\n29-30 listopada 2024 r.<br \/>\nPGE Narodowy, Warszawa<\/p>\n","protected":false},"author":2,"featured_media":396,"parent":0,"menu_order":0,"comment_status":"closed","ping_status":"closed","template":"","meta":{"inline_featured_image":false,"footnotes":""},"class_list":["post-479","page","type-page","status-publish","has-post-thumbnail","hentry"],"_links":{"self":[{"href":"https:\/\/www.forfin.pl\/2024\/wp-json\/wp\/v2\/pages\/479","targetHints":{"allow":["GET"]}}],"collection":[{"href":"https:\/\/www.forfin.pl\/2024\/wp-json\/wp\/v2\/pages"}],"about":[{"href":"https:\/\/www.forfin.pl\/2024\/wp-json\/wp\/v2\/types\/page"}],"author":[{"embeddable":true,"href":"https:\/\/www.forfin.pl\/2024\/wp-json\/wp\/v2\/users\/2"}],"replies":[{"embeddable":true,"href":"https:\/\/www.forfin.pl\/2024\/wp-json\/wp\/v2\/comments?post=479"}],"version-history":[{"count":4,"href":"https:\/\/www.forfin.pl\/2024\/wp-json\/wp\/v2\/pages\/479\/revisions"}],"predecessor-version":[{"id":508,"href":"https:\/\/www.forfin.pl\/2024\/wp-json\/wp\/v2\/pages\/479\/revisions\/508"}],"wp:featuredmedia":[{"embeddable":true,"href":"https:\/\/www.forfin.pl\/2024\/wp-json\/wp\/v2\/media\/396"}],"wp:attachment":[{"href":"https:\/\/www.forfin.pl\/2024\/wp-json\/wp\/v2\/media?parent=479"}],"curies":[{"name":"wp","href":"https:\/\/api.w.org\/{rel}","templated":true}]}}