{"id":818,"date":"2024-10-17T17:11:01","date_gmt":"2024-10-17T15:11:01","guid":{"rendered":"https:\/\/www.forfin.pl\/?page_id=818"},"modified":"2024-11-28T23:37:03","modified_gmt":"2024-11-28T23:37:03","slug":"program","status":"publish","type":"page","link":"https:\/\/www.forfin.pl\/2024\/program\/","title":{"rendered":"Program"},"content":{"rendered":"","protected":false},"excerpt":{"rendered":"<p>ForFin 2024 \u2013 wydarzenie dla ka\u017cdego kto my\u015bli o swojej finansowej przysz\u0142o\u015bci.<br \/>\n29-30 listopada 2024 r.<br \/>\nPGE Narodowy, Warszawa<\/p>\n","protected":false},"author":2,"featured_media":396,"parent":0,"menu_order":0,"comment_status":"closed","ping_status":"closed","template":"","meta":{"inline_featured_image":false,"footnotes":""},"class_list":["post-818","page","type-page","status-publish","has-post-thumbnail","hentry"],"_links":{"self":[{"href":"https:\/\/www.forfin.pl\/2024\/wp-json\/wp\/v2\/pages\/818","targetHints":{"allow":["GET"]}}],"collection":[{"href":"https:\/\/www.forfin.pl\/2024\/wp-json\/wp\/v2\/pages"}],"about":[{"href":"https:\/\/www.forfin.pl\/2024\/wp-json\/wp\/v2\/types\/page"}],"author":[{"embeddable":true,"href":"https:\/\/www.forfin.pl\/2024\/wp-json\/wp\/v2\/users\/2"}],"replies":[{"embeddable":true,"href":"https:\/\/www.forfin.pl\/2024\/wp-json\/wp\/v2\/comments?post=818"}],"version-history":[{"count":1,"href":"https:\/\/www.forfin.pl\/2024\/wp-json\/wp\/v2\/pages\/818\/revisions"}],"predecessor-version":[{"id":819,"href":"https:\/\/www.forfin.pl\/2024\/wp-json\/wp\/v2\/pages\/818\/revisions\/819"}],"wp:featuredmedia":[{"embeddable":true,"href":"https:\/\/www.forfin.pl\/2024\/wp-json\/wp\/v2\/media\/396"}],"wp:attachment":[{"href":"https:\/\/www.forfin.pl\/2024\/wp-json\/wp\/v2\/media?parent=818"}],"curies":[{"name":"wp","href":"https:\/\/api.w.org\/{rel}","templated":true}]}}